{"id":48,"date":"2025-02-05T11:42:42","date_gmt":"2025-02-05T10:42:42","guid":{"rendered":"https:\/\/saludable.puertodelacruz.es\/?page_id=48"},"modified":"2025-02-12T10:18:18","modified_gmt":"2025-02-12T09:18:18","slug":"objetivos-pcs","status":"publish","type":"page","link":"https:\/\/saludable.puertodelacruz.es\/?page_id=48","title":{"rendered":"Objetivos PCS"},"content":{"rendered":"\n<div class=\"wp-block-uagb-advanced-heading uagb-block-f74c1971\"><h2 class=\"uagb-heading-text\">Objetivos Generales del Proceso PCS<\/h2><\/div>\n\n\n\n<div class=\"wp-block-uagb-separator uagb-block-4dda2f6b\"><div class=\"uagb-separator-spacing-wrapper\"><div class=\"wp-block-uagb-separator__inner\" style=\"--my-background-image:\"><\/div><\/div><\/div>\n\n\n\n<div class=\"wp-block-uagb-container uagb-block-ce3bc5ad alignfull uagb-is-root-container\"><div class=\"uagb-container-inner-blocks-wrap\">\n<div class=\"wp-block-uagb-container uagb-block-175ce473\">\n<div class=\"wp-block-uagb-image uagb-block-14af3033 wp-block-uagb-image--layout-default wp-block-uagb-image--effect-static wp-block-uagb-image--align-none\"><figure class=\"wp-block-uagb-image__figure\"><img decoding=\"async\" srcset=\"https:\/\/saludable.puertodelacruz.es\/wp-content\/uploads\/2025\/02\/cropped-cropped-Captura-de-Pantalla-2025-01-30-a-las-12.01.59.png ,https:\/\/saludable.puertodelacruz.es\/wp-content\/uploads\/2025\/02\/cropped-cropped-Captura-de-Pantalla-2025-01-30-a-las-12.01.59.png 780w, https:\/\/saludable.puertodelacruz.es\/wp-content\/uploads\/2025\/02\/cropped-cropped-Captura-de-Pantalla-2025-01-30-a-las-12.01.59.png 360w\" sizes=\"auto, (max-width: 480px) 150px\" src=\"https:\/\/saludable.puertodelacruz.es\/wp-content\/uploads\/2025\/02\/cropped-cropped-Captura-de-Pantalla-2025-01-30-a-las-12.01.59.png\" alt=\"\" class=\"uag-image-79\" width=\"1024\" height=\"619\" title=\"cropped-cropped-Captura-de-Pantalla-2025-01-30-a-las-12.01.59.png\" loading=\"lazy\" role=\"img\"\/><\/figure><\/div>\n<\/div>\n\n\n\n<div class=\"wp-block-uagb-container uagb-block-f3647f4f\">\n<h2 class=\"wp-block-heading\"><strong><mark style=\"background-color:var(--global-palette5)\" class=\"has-inline-color\">Objetivo General 1<\/mark><\/strong><\/h2>\n\n\n\n<div class=\"wp-block-uagb-container uagb-block-e2b76ce5\">\n<div class=\"wp-block-uagb-advanced-heading uagb-block-43366190\"><h2 class=\"uagb-heading-text\"><strong>Identificar<\/strong> los recursos y activos comunitarios a participar en la mesa y proceso.<\/h2><\/div>\n\n\n\n<div class=\"wp-block-uagb-advanced-heading uagb-block-9037cfde\"><h2 class=\"uagb-heading-text\">&#8211; <strong>An\u00e1lizar <\/strong>de los recursos identificados y su uso, estudiar la distribuci\u00f3n de recursos por \u00e1reas e identificar focos de acci\u00f3n para un posterior desarrollo o potenciaci\u00f3n de recursos. (priorizar).<br>&#8211; <strong>Visibilizar,<\/strong> hacer accesibles y ofrecer a la poblaci\u00f3n los recursos locales que pueden mejorar su salud<\/h2><\/div>\n<\/div>\n<\/div>\n<\/div><\/div>\n\n\n\n<div class=\"wp-block-uagb-container uagb-block-b9b54403 alignfull uagb-is-root-container\"><div class=\"uagb-container-inner-blocks-wrap\">\n<div class=\"wp-block-uagb-container uagb-block-298d2d7a\"><\/div>\n\n\n\n<div class=\"wp-block-uagb-container uagb-block-9d4bab00\">\n<h2 class=\"wp-block-heading\"><strong><mark style=\"background-color:var(--global-palette6)\" class=\"has-inline-color\">Objetivo General 2<\/mark><\/strong><\/h2>\n\n\n\n<div class=\"wp-block-uagb-container uagb-block-c0130162\">\n<div class=\"wp-block-uagb-advanced-heading uagb-block-52cd5089\"><h2 class=\"uagb-heading-text\">Dinamizar la <strong>Mesa intersectorial PCS<\/strong> coordinada con las estructuras e instituciones vinculadas de nivel insular y regional.<\/h2><\/div>\n\n\n\n<div class=\"wp-block-uagb-advanced-heading uagb-block-7e6c2c6d\"><h2 class=\"uagb-heading-text\">&#8211; Incluir en el proceso colaborativo medidas y acciones alfabetizaci\u00f3n saludable, empoderamiento y entornos promotores de salud.\u00a0<br>&#8211; Determinar medidas para la mejora de la visibilidad y utilizaci\u00f3n de los recursos comunitarios que promueven la salud.\u00a0<br>&#8211; Establecer <strong>la alianzas necesarias <\/strong>que creen una nueva cultura de trabajo sociosanitaria (modelo de salud comunitaria) y faciliten no solo la cooperaci\u00f3n entre profesionales del sector salud y otros sectores, apoyando un enfoque de servicios centrados en las personas y reorientando el sistema hacia la prevenci\u00f3n y promoci\u00f3n.<br>&#8211; Establecer estructuras y mecanismos que se consideren clave para reforzar y fortalecer coordinaci\u00f3n entre sectores (intersectorialidad en salud).<\/h2><\/div>\n<\/div>\n<\/div>\n\n\n\n<div class=\"wp-block-uagb-container uagb-block-201fa85a\"><\/div>\n<\/div><\/div>\n\n\n\n<div class=\"wp-block-uagb-container uagb-block-634faec7 alignfull uagb-is-root-container\"><div class=\"uagb-container-inner-blocks-wrap\"><\/div><\/div>\n","protected":false},"excerpt":{"rendered":"<p>Objetivos Generales del Proceso PCS Objetivo General 1 Identificar los recursos y activos comunitarios a participar en la mesa y proceso. &#8211; An\u00e1lizar de los recursos identificados y su uso, estudiar la distribuci\u00f3n de recursos por \u00e1reas e identificar focos de acci\u00f3n para un posterior desarrollo o potenciaci\u00f3n de recursos. (priorizar).&#8211; Visibilizar, hacer accesibles y&#8230;<\/p>\n","protected":false},"author":1,"featured_media":0,"parent":0,"menu_order":0,"comment_status":"closed","ping_status":"closed","template":"","meta":{"_uag_custom_page_level_css":"","_kad_post_transparent":"","_kad_post_title":"","_kad_post_layout":"","_kad_post_sidebar_id":"","_kad_post_content_style":"","_kad_post_vertical_padding":"","_kad_post_feature":"","_kad_post_feature_position":"","_kad_post_header":false,"_kad_post_footer":false,"footnotes":""},"class_list":["post-48","page","type-page","status-publish","hentry"],"uagb_featured_image_src":{"full":false,"thumbnail":false,"medium":false,"medium_large":false,"large":false,"1536x1536":false,"2048x2048":false},"uagb_author_info":{"display_name":"admin","author_link":"https:\/\/saludable.puertodelacruz.es\/?author=1"},"uagb_comment_info":0,"uagb_excerpt":"Objetivos Generales del Proceso PCS Objetivo General 1 Identificar los recursos y activos comunitarios a participar en la mesa y proceso. &#8211; An\u00e1lizar de los recursos identificados y su uso, estudiar la distribuci\u00f3n de recursos por \u00e1reas e identificar focos de acci\u00f3n para un posterior desarrollo o potenciaci\u00f3n de recursos. (priorizar).&#8211; Visibilizar, hacer accesibles y...","_links":{"self":[{"href":"https:\/\/saludable.puertodelacruz.es\/index.php?rest_route=\/wp\/v2\/pages\/48","targetHints":{"allow":["GET"]}}],"collection":[{"href":"https:\/\/saludable.puertodelacruz.es\/index.php?rest_route=\/wp\/v2\/pages"}],"about":[{"href":"https:\/\/saludable.puertodelacruz.es\/index.php?rest_route=\/wp\/v2\/types\/page"}],"author":[{"embeddable":true,"href":"https:\/\/saludable.puertodelacruz.es\/index.php?rest_route=\/wp\/v2\/users\/1"}],"replies":[{"embeddable":true,"href":"https:\/\/saludable.puertodelacruz.es\/index.php?rest_route=%2Fwp%2Fv2%2Fcomments&post=48"}],"version-history":[{"count":34,"href":"https:\/\/saludable.puertodelacruz.es\/index.php?rest_route=\/wp\/v2\/pages\/48\/revisions"}],"predecessor-version":[{"id":474,"href":"https:\/\/saludable.puertodelacruz.es\/index.php?rest_route=\/wp\/v2\/pages\/48\/revisions\/474"}],"wp:attachment":[{"href":"https:\/\/saludable.puertodelacruz.es\/index.php?rest_route=%2Fwp%2Fv2%2Fmedia&parent=48"}],"curies":[{"name":"wp","href":"https:\/\/api.w.org\/{rel}","templated":true}]}}