{"id":50,"date":"2025-02-05T11:42:42","date_gmt":"2025-02-05T10:42:42","guid":{"rendered":"https:\/\/saludable.puertodelacruz.es\/?page_id=50"},"modified":"2025-02-12T10:46:15","modified_gmt":"2025-02-12T09:46:15","slug":"mesa-pcs","status":"publish","type":"page","link":"https:\/\/saludable.puertodelacruz.es\/?page_id=50","title":{"rendered":"Mesa PCS"},"content":{"rendered":"\n<div class=\"wp-block-uagb-advanced-heading uagb-block-1c721e16\"><h2 class=\"uagb-heading-text\">Mesa PCS<\/h2><\/div>\n\n\n\n<div class=\"wp-block-uagb-container uagb-block-b3b01878 alignfull uagb-is-root-container\"><div class=\"uagb-container-inner-blocks-wrap\">\n<div class=\"wp-block-uagb-container uagb-block-cfda3f5b\">\n<div class=\"wp-block-uagb-advanced-heading uagb-block-73165000\"><h2 class=\"uagb-heading-text\">La\u00a0<strong>mesa intersectorial en salud\u00a0PCS<\/strong> es una herramienta esencial para fomentar la colaboraci\u00f3n entre distintos sectores, garantizando que las pol\u00edticas y acciones en salud se articulen de manera coherente y eficiente con otros \u00e1mbitos de la pol\u00edtica p\u00fablica, lo que resulta fundamental para mejorar la salud de la poblaci\u00f3n y avanzar hacia sistemas m\u00e1s equitativos y sostenibles.<br><br>Es un espacio de coordinaci\u00f3n y di\u00e1logo que re\u00fane a representantes de distintos sectores (como salud, educaci\u00f3n, medio ambiente, econom\u00eda, etc.), administraciones p\u00fablicas, organizaciones sociales y otros actores relevantes, con el objetivo de planificar, articular y ejecutar acciones conjuntas en materia de salud:<\/h2><\/div>\n\n\n\n<div class=\"wp-block-uagb-advanced-heading uagb-block-0ef97490\"><h2 class=\"uagb-heading-text\"><strong>1. Integraci\u00f3n de pol\u00edticas y acciones:<\/strong>\u00a0Facilita la coordinaci\u00f3n entre diferentes \u00e1reas de gobierno y sectores de la sociedad para abordar de forma integral los determinantes sociales y ambientales de la salud, evitando la fragmentaci\u00f3n de las intervenciones.<\/h2><\/div>\n\n\n\n<div class=\"wp-block-uagb-advanced-heading uagb-block-027997b6\"><h2 class=\"uagb-heading-text\"><strong>2. Toma de decisiones compartida:<\/strong>\u00a0Permite que las decisiones y las estrategias relacionadas con la salud se construyan de forma participativa, incorporando diversas perspectivas y conocimientos que enriquecen la pol\u00edtica p\u00fablica.<\/h2><\/div>\n\n\n\n<div class=\"wp-block-uagb-advanced-heading uagb-block-ede9bade\"><h2 class=\"uagb-heading-text\"><strong>3. Optimizaci\u00f3n de recursos:<\/strong>\u00a0Al coordinar esfuerzos y evitar duplicidades, se optimizan los recursos disponibles y se potencia la eficacia de las intervenciones en salud.<\/h2><\/div>\n\n\n\n<div class=\"wp-block-uagb-advanced-heading uagb-block-aa0ac94d\"><h2 class=\"uagb-heading-text\"><strong>4. Fortalecimiento de la salud p\u00fablica:<\/strong>\u00a0Contribuye a dise\u00f1ar y ejecutar pol\u00edticas que no solo abordan la atenci\u00f3n cl\u00ednica, sino tambi\u00e9n la prevenci\u00f3n y promoci\u00f3n de la salud, atendiendo a las necesidades y particularidades de la poblaci\u00f3n.<\/h2><\/div>\n<\/div>\n<\/div><\/div>\n\n\n\n<div class=\"wp-block-cover is-light\" style=\"padding-top:0;padding-bottom:0;min-height:312px;aspect-ratio:unset;\"><span aria-hidden=\"true\" class=\"wp-block-cover__background has-background-dim-0 has-background-dim\" style=\"background-color:#b0a6a9\"><\/span><img loading=\"lazy\" decoding=\"async\" width=\"1920\" height=\"1080\" class=\"wp-block-cover__image-background wp-image-244\" alt=\"\" src=\"https:\/\/saludable.puertodelacruz.es\/wp-content\/uploads\/2025\/02\/Diseno-sin-titulo-3.jpg\" data-object-fit=\"cover\" srcset=\"https:\/\/saludable.puertodelacruz.es\/wp-content\/uploads\/2025\/02\/Diseno-sin-titulo-3.jpg 1920w, https:\/\/saludable.puertodelacruz.es\/wp-content\/uploads\/2025\/02\/Diseno-sin-titulo-3-300x169.jpg 300w, https:\/\/saludable.puertodelacruz.es\/wp-content\/uploads\/2025\/02\/Diseno-sin-titulo-3-1024x576.jpg 1024w, https:\/\/saludable.puertodelacruz.es\/wp-content\/uploads\/2025\/02\/Diseno-sin-titulo-3-768x432.jpg 768w, https:\/\/saludable.puertodelacruz.es\/wp-content\/uploads\/2025\/02\/Diseno-sin-titulo-3-1536x864.jpg 1536w\" sizes=\"auto, (max-width: 1920px) 100vw, 1920px\" \/><div class=\"wp-block-cover__inner-container is-layout-constrained wp-block-cover-is-layout-constrained\">\n<p class=\"has-text-align-center has-large-font-size\"><\/p>\n<\/div><\/div>\n","protected":false},"excerpt":{"rendered":"<p>Mesa PCS La\u00a0mesa intersectorial en salud\u00a0PCS es una herramienta esencial para fomentar la colaboraci\u00f3n entre distintos sectores, garantizando que las pol\u00edticas y acciones en salud se articulen de manera coherente y eficiente con otros \u00e1mbitos de la pol\u00edtica p\u00fablica, lo que resulta fundamental para mejorar la salud de la poblaci\u00f3n y avanzar hacia sistemas m\u00e1s&#8230;<\/p>\n","protected":false},"author":1,"featured_media":0,"parent":0,"menu_order":0,"comment_status":"closed","ping_status":"closed","template":"","meta":{"_uag_custom_page_level_css":"","_kad_post_transparent":"","_kad_post_title":"","_kad_post_layout":"","_kad_post_sidebar_id":"","_kad_post_content_style":"","_kad_post_vertical_padding":"","_kad_post_feature":"","_kad_post_feature_position":"","_kad_post_header":false,"_kad_post_footer":false,"footnotes":""},"class_list":["post-50","page","type-page","status-publish","hentry"],"uagb_featured_image_src":{"full":false,"thumbnail":false,"medium":false,"medium_large":false,"large":false,"1536x1536":false,"2048x2048":false},"uagb_author_info":{"display_name":"admin","author_link":"https:\/\/saludable.puertodelacruz.es\/?author=1"},"uagb_comment_info":0,"uagb_excerpt":"Mesa PCS La\u00a0mesa intersectorial en salud\u00a0PCS es una herramienta esencial para fomentar la colaboraci\u00f3n entre distintos sectores, garantizando que las pol\u00edticas y acciones en salud se articulen de manera coherente y eficiente con otros \u00e1mbitos de la pol\u00edtica p\u00fablica, lo que resulta fundamental para mejorar la salud de la poblaci\u00f3n y avanzar hacia sistemas m\u00e1s...","_links":{"self":[{"href":"https:\/\/saludable.puertodelacruz.es\/index.php?rest_route=\/wp\/v2\/pages\/50","targetHints":{"allow":["GET"]}}],"collection":[{"href":"https:\/\/saludable.puertodelacruz.es\/index.php?rest_route=\/wp\/v2\/pages"}],"about":[{"href":"https:\/\/saludable.puertodelacruz.es\/index.php?rest_route=\/wp\/v2\/types\/page"}],"author":[{"embeddable":true,"href":"https:\/\/saludable.puertodelacruz.es\/index.php?rest_route=\/wp\/v2\/users\/1"}],"replies":[{"embeddable":true,"href":"https:\/\/saludable.puertodelacruz.es\/index.php?rest_route=%2Fwp%2Fv2%2Fcomments&post=50"}],"version-history":[{"count":20,"href":"https:\/\/saludable.puertodelacruz.es\/index.php?rest_route=\/wp\/v2\/pages\/50\/revisions"}],"predecessor-version":[{"id":495,"href":"https:\/\/saludable.puertodelacruz.es\/index.php?rest_route=\/wp\/v2\/pages\/50\/revisions\/495"}],"wp:attachment":[{"href":"https:\/\/saludable.puertodelacruz.es\/index.php?rest_route=%2Fwp%2Fv2%2Fmedia&parent=50"}],"curies":[{"name":"wp","href":"https:\/\/api.w.org\/{rel}","templated":true}]}}