{"id":65,"date":"2025-02-05T11:44:56","date_gmt":"2025-02-05T10:44:56","guid":{"rendered":"https:\/\/saludable.puertodelacruz.es\/?page_id=65"},"modified":"2025-02-12T00:06:29","modified_gmt":"2025-02-11T23:06:29","slug":"inicio","status":"publish","type":"page","link":"https:\/\/saludable.puertodelacruz.es\/","title":{"rendered":"Inicio"},"content":{"rendered":"\n<div class=\"wp-block-uagb-container uagb-block-4224ecc4 alignfull uagb-is-root-container\"><div class=\"uagb-container-inner-blocks-wrap\">\n<header class=\"wp-block-uagb-advanced-heading uagb-block-545b438a\"><h2 class=\"uagb-heading-text\"><strong>Bienvenido\/as al espacio Colaborativo<\/strong><br><strong>Puerto de la Cruz Saludable<\/strong><\/h2><\/header>\n<\/div><\/div>\n\n\n\n<div class=\"wp-block-uagb-separator uagb-block-1ceba1a4\"><div class=\"uagb-separator-spacing-wrapper\"><div class=\"wp-block-uagb-separator__inner\" style=\"--my-background-image:\"><\/div><\/div><\/div>\n\n\n\n<div class=\"wp-block-uagb-container uagb-block-8564c9af alignfull uagb-is-root-container\"><div class=\"uagb-container-inner-blocks-wrap\">\n<div class=\"wp-block-uagb-container uagb-block-1bad971f\"><\/div>\n\n\n\n<div class=\"wp-block-uagb-container uagb-block-4338a0b4\">\n<div class=\"wp-block-uagb-advanced-heading uagb-block-fca36bc2\"><h2 class=\"uagb-heading-text\"><strong>\u00abUna propuesta positiva para promocionar la salud<\/strong> <strong>desde el bienestar integral de toda la ciudadan\u00eda\u00bb<\/strong><\/h2><\/div>\n<\/div>\n\n\n\n<div class=\"wp-block-uagb-container uagb-block-afb7c9d7\"><\/div>\n<\/div><\/div>\n\n\n\n<div class=\"wp-block-uagb-separator uagb-block-323bd5a0\"><div class=\"uagb-separator-spacing-wrapper\"><div class=\"wp-block-uagb-separator__inner\" style=\"--my-background-image:\"><\/div><\/div><\/div>\n\n\n\n<div class=\"wp-block-uagb-container uagb-block-ba50c0a5 alignfull uagb-is-root-container\"><div class=\"uagb-container-inner-blocks-wrap\">\n<div class=\"wp-block-uagb-container uagb-block-37833f84\"><\/div>\n\n\n\n<div class=\"wp-block-uagb-container uagb-block-b84d7f49\">\n<div class=\"wp-block-uagb-advanced-heading uagb-block-166eee84\"><p class=\"uagb-heading-text\">Una pol\u00edtica saludable es aquella que utiliza la direcci\u00f3n y los recursos de la Corporaci\u00f3n Local para&nbsp;crear entornos para la vida diaria de la ciudadan\u00eda desde un modelo de salud positiva, donde los procesos&nbsp;de intervenci\u00f3n comunitaria en promoci\u00f3n de la salud&nbsp;aportan herramientas que parten del bienestar de las&nbsp;personas y de los grupos, y no de sus problemas,&nbsp;incorporando los recursos que tiene una comunidad&nbsp;en sus procesos de cambio social.<\/p><\/div>\n<\/div>\n\n\n\n<div class=\"wp-block-uagb-container uagb-block-8f1afc13\"><\/div>\n<\/div><\/div>\n\n\n\n<div class=\"wp-block-uagb-container uagb-block-2580aeab alignfull uagb-is-root-container\"><div class=\"uagb-container-inner-blocks-wrap\"><\/div><\/div>\n","protected":false},"excerpt":{"rendered":"<p>Bienvenido\/as al espacio ColaborativoPuerto de la Cruz Saludable \u00abUna propuesta positiva para promocionar la salud desde el bienestar integral de toda la ciudadan\u00eda\u00bb Una pol\u00edtica saludable es aquella que utiliza la direcci\u00f3n y los recursos de la Corporaci\u00f3n Local para&nbsp;crear entornos para la vida diaria de la ciudadan\u00eda desde un modelo de salud positiva, donde&#8230;<\/p>\n","protected":false},"author":1,"featured_media":0,"parent":0,"menu_order":0,"comment_status":"closed","ping_status":"closed","template":"brizy-blank-template.php","meta":{"_uag_custom_page_level_css":"","_kad_post_transparent":"","_kad_post_title":"","_kad_post_layout":"","_kad_post_sidebar_id":"","_kad_post_content_style":"","_kad_post_vertical_padding":"","_kad_post_feature":"","_kad_post_feature_position":"","_kad_post_header":false,"_kad_post_footer":false,"footnotes":""},"class_list":["post-65","page","type-page","status-publish","hentry"],"uagb_featured_image_src":{"full":false,"thumbnail":false,"medium":false,"medium_large":false,"large":false,"1536x1536":false,"2048x2048":false},"uagb_author_info":{"display_name":"admin","author_link":"https:\/\/saludable.puertodelacruz.es\/?author=1"},"uagb_comment_info":0,"uagb_excerpt":"Bienvenido\/as al espacio ColaborativoPuerto de la Cruz Saludable \u00abUna propuesta positiva para promocionar la salud desde el bienestar integral de toda la ciudadan\u00eda\u00bb Una pol\u00edtica saludable es aquella que utiliza la direcci\u00f3n y los recursos de la Corporaci\u00f3n Local para&nbsp;crear entornos para la vida diaria de la ciudadan\u00eda desde un modelo de salud positiva, donde...","_links":{"self":[{"href":"https:\/\/saludable.puertodelacruz.es\/index.php?rest_route=\/wp\/v2\/pages\/65","targetHints":{"allow":["GET"]}}],"collection":[{"href":"https:\/\/saludable.puertodelacruz.es\/index.php?rest_route=\/wp\/v2\/pages"}],"about":[{"href":"https:\/\/saludable.puertodelacruz.es\/index.php?rest_route=\/wp\/v2\/types\/page"}],"author":[{"embeddable":true,"href":"https:\/\/saludable.puertodelacruz.es\/index.php?rest_route=\/wp\/v2\/users\/1"}],"replies":[{"embeddable":true,"href":"https:\/\/saludable.puertodelacruz.es\/index.php?rest_route=%2Fwp%2Fv2%2Fcomments&post=65"}],"version-history":[{"count":73,"href":"https:\/\/saludable.puertodelacruz.es\/index.php?rest_route=\/wp\/v2\/pages\/65\/revisions"}],"predecessor-version":[{"id":413,"href":"https:\/\/saludable.puertodelacruz.es\/index.php?rest_route=\/wp\/v2\/pages\/65\/revisions\/413"}],"wp:attachment":[{"href":"https:\/\/saludable.puertodelacruz.es\/index.php?rest_route=%2Fwp%2Fv2%2Fmedia&parent=65"}],"curies":[{"name":"wp","href":"https:\/\/api.w.org\/{rel}","templated":true}]}}